{"id":22053,"date":"2020-06-12T19:58:48","date_gmt":"2020-06-12T19:58:48","guid":{"rendered":"https:\/\/avacum.com\/?page_id=22053"},"modified":"2023-03-22T21:40:40","modified_gmt":"2023-03-22T21:40:40","slug":"cursos-y-eventos","status":"publish","type":"page","link":"https:\/\/avacum.com\/en\/cursos-y-eventos\/","title":{"rendered":"COURSES AND EVENTS"},"content":{"rendered":"<div class=\"fusion-fullwidth fullwidth-box fusion-builder-row-1 nonhundred-percent-fullwidth non-hundred-percent-height-scrolling\"  style='background-color: rgba(255,255,255,0);background-position: center center;background-repeat: no-repeat;padding-top:0px;padding-right:0px;padding-bottom:0px;padding-left:0px;'><div class=\"fusion-builder-row fusion-row\"><div  class=\"fusion-layout-column fusion_builder_column fusion_builder_column_1_1 fusion-builder-column-0 fusion-one-full fusion-column-first fusion-column-last 1_1\"  style='margin-top:0px;margin-bottom:20px;'><div class=\"fusion-column-wrapper\" style=\"padding: 0px 0px 0px 0px;background-position:left top;background-repeat:no-repeat;-webkit-background-size:cover;-moz-background-size:cover;-o-background-size:cover;background-size:cover;\"   data-bg-url=\"\"><div class=\"fusion-recent-posts fusion-recent-posts-1 avada-container layout-thumbnails-on-side layout-columns-2\"><section class=\"fusion-columns columns fusion-columns-2 columns-2\"><article class=\"post fusion-column column col col-lg-6 col-md-6 col-sm-6\"><div class=\"fusion-flexslider fusion-flexslider-loading flexslider floated-slideshow flexslider-hover-type-liftup\"><ul class=\"slides\"><li><a href=\"https:\/\/avacum.com\/en\/2022\/norma-iso-iec-27032-directrices-para-la-ciberseguridad\/\" aria-label=\"ISO\/IEC 27032 standard, guidelines for cybersecurity.\" class=\"hover-type-liftup\"><img loading=\"lazy\" decoding=\"async\" width=\"200\" height=\"133\" src=\"https:\/\/avacum.com\/wp-content\/uploads\/2022\/10\/ciberseguridad-pdv-a-200x133.jpg\" class=\"attachment-fusion-200 size-fusion-200\" alt=\"ciberseguridad norma iso\" srcset=\"https:\/\/avacum.com\/wp-content\/uploads\/2022\/10\/ciberseguridad-pdv-a-200x133.jpg 200w, https:\/\/avacum.com\/wp-content\/uploads\/2022\/10\/ciberseguridad-pdv-a-300x200.jpg 300w, https:\/\/avacum.com\/wp-content\/uploads\/2022\/10\/ciberseguridad-pdv-a-400x267.jpg 400w, https:\/\/avacum.com\/wp-content\/uploads\/2022\/10\/ciberseguridad-pdv-a-500x333.jpg 500w, https:\/\/avacum.com\/wp-content\/uploads\/2022\/10\/ciberseguridad-pdv-a-600x400.jpg 600w, https:\/\/avacum.com\/wp-content\/uploads\/2022\/10\/ciberseguridad-pdv-a-700x467.jpg 700w, https:\/\/avacum.com\/wp-content\/uploads\/2022\/10\/ciberseguridad-pdv-a-768x512.jpg 768w, https:\/\/avacum.com\/wp-content\/uploads\/2022\/10\/ciberseguridad-pdv-a-800x533.jpg 800w, https:\/\/avacum.com\/wp-content\/uploads\/2022\/10\/ciberseguridad-pdv-a-1024x683.jpg 1024w, https:\/\/avacum.com\/wp-content\/uploads\/2022\/10\/ciberseguridad-pdv-a-1200x800.jpg 1200w, https:\/\/avacum.com\/wp-content\/uploads\/2022\/10\/ciberseguridad-pdv-a-1536x1024.jpg 1536w, https:\/\/avacum.com\/wp-content\/uploads\/2022\/10\/ciberseguridad-pdv-a.jpg 1920w\" sizes=\"auto, (max-width: 200px) 100vw, 200px\" \/><\/a><\/li><\/ul><\/div><div class=\"recent-posts-content\"><span class=\"vcard\" style=\"display: none;\"><span class=\"fn\"><a href=\"https:\/\/avacum.com\/en\/autor\/avacum\/\" title=\"Posts by Avacum\" rel=\"author\">Avacum<\/a><\/span><\/span><span class=\"updated\" style=\"display:none;\">2023-02-21T00:17:15+00:00<\/span><h4 class=\"entry-title\"><a href=\"https:\/\/avacum.com\/en\/2022\/norma-iso-iec-27032-directrices-para-la-ciberseguridad\/\">ISO\/IEC 27032 standard, guidelines for cybersecurity.<\/a><\/h4><\/div><\/article><article class=\"post fusion-column column col col-lg-6 col-md-6 col-sm-6\"><div class=\"fusion-flexslider fusion-flexslider-loading flexslider floated-slideshow flexslider-hover-type-liftup\"><ul class=\"slides\"><li><a href=\"https:\/\/avacum.com\/en\/2021\/curso-de-trading\/\" aria-label=\"Curso de trading\" class=\"hover-type-liftup\"><img loading=\"lazy\" decoding=\"async\" width=\"200\" height=\"83\" src=\"https:\/\/avacum.com\/wp-content\/uploads\/2019\/03\/earnings.png\" class=\"attachment-fusion-200 size-fusion-200\" alt=\"Curso de trading, pol\u00edtica monetaria, tasas,\" srcset=\"https:\/\/avacum.com\/wp-content\/uploads\/2019\/03\/earnings-500x209.png 500w, https:\/\/avacum.com\/wp-content\/uploads\/2019\/03\/earnings-700x292.png 700w, https:\/\/avacum.com\/wp-content\/uploads\/2019\/03\/earnings.png 894w\" sizes=\"auto, (max-width: 200px) 100vw, 200px\" \/><\/a><\/li><\/ul><\/div><div class=\"recent-posts-content\"><span class=\"vcard\" style=\"display: none;\"><span class=\"fn\"><a href=\"https:\/\/avacum.com\/en\/autor\/avacum\/\" title=\"Posts by Avacum\" rel=\"author\">Avacum<\/a><\/span><\/span><span class=\"updated\" style=\"display:none;\">2021-08-16T23:42:15+00:00<\/span><h4 class=\"entry-title\"><a href=\"https:\/\/avacum.com\/en\/2021\/curso-de-trading\/\">Curso de trading<\/a><\/h4><\/div><\/article><article class=\"post fusion-column column col col-lg-6 col-md-6 col-sm-6\"><div class=\"fusion-flexslider fusion-flexslider-loading flexslider floated-slideshow flexslider-hover-type-liftup\"><ul class=\"slides\"><li><a href=\"https:\/\/avacum.com\/en\/2021\/curso-de-comunicacion-efectiva\/\" aria-label=\"Curso de comunicaci\u00f3n efectiva\" class=\"hover-type-liftup\"><img loading=\"lazy\" decoding=\"async\" width=\"200\" height=\"134\" src=\"https:\/\/avacum.com\/wp-content\/uploads\/2017\/11\/student_fundraiser_event_feat-200x134.jpg\" class=\"attachment-fusion-200 size-fusion-200\" alt=\"ESG\" srcset=\"https:\/\/avacum.com\/wp-content\/uploads\/2017\/11\/student_fundraiser_event_feat-200x134.jpg 200w, https:\/\/avacum.com\/wp-content\/uploads\/2017\/11\/student_fundraiser_event_feat-300x201.jpg 300w, https:\/\/avacum.com\/wp-content\/uploads\/2017\/11\/student_fundraiser_event_feat-400x268.jpg 400w, https:\/\/avacum.com\/wp-content\/uploads\/2017\/11\/student_fundraiser_event_feat-500x335.jpg 500w, https:\/\/avacum.com\/wp-content\/uploads\/2017\/11\/student_fundraiser_event_feat-600x402.jpg 600w, https:\/\/avacum.com\/wp-content\/uploads\/2017\/11\/student_fundraiser_event_feat-700x469.jpg 700w, https:\/\/avacum.com\/wp-content\/uploads\/2017\/11\/student_fundraiser_event_feat-768x515.jpg 768w, https:\/\/avacum.com\/wp-content\/uploads\/2017\/11\/student_fundraiser_event_feat-800x536.jpg 800w, https:\/\/avacum.com\/wp-content\/uploads\/2017\/11\/student_fundraiser_event_feat.jpg 1024w\" sizes=\"auto, (max-width: 200px) 100vw, 200px\" \/><\/a><\/li><\/ul><\/div><div class=\"recent-posts-content\"><span class=\"vcard\" style=\"display: none;\"><span class=\"fn\"><a href=\"https:\/\/avacum.com\/en\/autor\/avacum\/\" title=\"Posts by Avacum\" rel=\"author\">Avacum<\/a><\/span><\/span><span class=\"updated\" style=\"display:none;\">2021-08-16T23:50:56+00:00<\/span><h4 class=\"entry-title\"><a href=\"https:\/\/avacum.com\/en\/2021\/curso-de-comunicacion-efectiva\/\">Curso de comunicaci\u00f3n efectiva<\/a><\/h4><\/div><\/article><article class=\"post fusion-column column col col-lg-6 col-md-6 col-sm-6\"><div class=\"fusion-flexslider fusion-flexslider-loading flexslider floated-slideshow flexslider-hover-type-liftup\"><ul class=\"slides\"><li><a href=\"https:\/\/avacum.com\/en\/2021\/curso-de-planeacion-estrategica-y-financiera-para-entidades-educativas\/\" aria-label=\"Curso de Planeaci\u00f3n estrat\u00e9gica y financiera para entidades educativas\" class=\"hover-type-liftup\"><img loading=\"lazy\" decoding=\"async\" width=\"200\" height=\"150\" src=\"https:\/\/avacum.com\/wp-content\/uploads\/2020\/06\/avacum-compu-1-200x150.png\" class=\"attachment-fusion-200 size-fusion-200\" alt=\"Perspectivas econ\u00f3micas, avacum, m\u00e9todos de valoraci\u00f3n,\" srcset=\"https:\/\/avacum.com\/wp-content\/uploads\/2020\/06\/avacum-compu-1-200x150.png 200w, https:\/\/avacum.com\/wp-content\/uploads\/2020\/06\/avacum-compu-1-300x225.png 300w, https:\/\/avacum.com\/wp-content\/uploads\/2020\/06\/avacum-compu-1-400x300.png 400w, https:\/\/avacum.com\/wp-content\/uploads\/2020\/06\/avacum-compu-1.png 453w\" sizes=\"auto, (max-width: 200px) 100vw, 200px\" \/><\/a><\/li><\/ul><\/div><div class=\"recent-posts-content\"><span class=\"vcard\" style=\"display: none;\"><span class=\"fn\"><a href=\"https:\/\/avacum.com\/en\/autor\/admin\/\" title=\"Posts by admin\" rel=\"author\">admin<\/a><\/span><\/span><span class=\"updated\" style=\"display:none;\">2021-02-10T17:17:57+00:00<\/span><h4 class=\"entry-title\"><a href=\"https:\/\/avacum.com\/en\/2021\/curso-de-planeacion-estrategica-y-financiera-para-entidades-educativas\/\">Curso de Planeaci\u00f3n estrat\u00e9gica y financiera para entidades educativas<\/a><\/h4><\/div><\/article><article class=\"post fusion-column column col col-lg-6 col-md-6 col-sm-6\"><div class=\"fusion-flexslider fusion-flexslider-loading flexslider floated-slideshow flexslider-hover-type-liftup\"><ul class=\"slides\"><li><a href=\"https:\/\/avacum.com\/en\/2020\/curso-direccion-comercial-liderazgo-y-resultados\/\" aria-label=\"Curso Direcci\u00f3n Comercial, liderazgo y resultados\" class=\"hover-type-liftup\"><img loading=\"lazy\" decoding=\"async\" width=\"200\" height=\"133\" src=\"https:\/\/avacum.com\/wp-content\/uploads\/2020\/07\/Cursos-de-direcci\u00f3n-comercial-200x133.png\" class=\"attachment-fusion-200 size-fusion-200\" alt=\"Cursos de direcci\u00f3n comercial Avacum\" srcset=\"https:\/\/avacum.com\/wp-content\/uploads\/2020\/07\/Cursos-de-direcci\u00f3n-comercial-200x133.png 200w, https:\/\/avacum.com\/wp-content\/uploads\/2020\/07\/Cursos-de-direcci\u00f3n-comercial-300x200.png 300w, https:\/\/avacum.com\/wp-content\/uploads\/2020\/07\/Cursos-de-direcci\u00f3n-comercial-400x266.png 400w, https:\/\/avacum.com\/wp-content\/uploads\/2020\/07\/Cursos-de-direcci\u00f3n-comercial-500x333.png 500w, https:\/\/avacum.com\/wp-content\/uploads\/2020\/07\/Cursos-de-direcci\u00f3n-comercial-600x400.png 600w, https:\/\/avacum.com\/wp-content\/uploads\/2020\/07\/Cursos-de-direcci\u00f3n-comercial-700x466.png 700w, https:\/\/avacum.com\/wp-content\/uploads\/2020\/07\/Cursos-de-direcci\u00f3n-comercial-768x512.png 768w, https:\/\/avacum.com\/wp-content\/uploads\/2020\/07\/Cursos-de-direcci\u00f3n-comercial-800x533.png 800w, https:\/\/avacum.com\/wp-content\/uploads\/2020\/07\/Cursos-de-direcci\u00f3n-comercial-1024x682.png 1024w, https:\/\/avacum.com\/wp-content\/uploads\/2020\/07\/Cursos-de-direcci\u00f3n-comercial-1200x799.png 1200w, https:\/\/avacum.com\/wp-content\/uploads\/2020\/07\/Cursos-de-direcci\u00f3n-comercial.png 1312w\" sizes=\"auto, (max-width: 200px) 100vw, 200px\" \/><\/a><\/li><\/ul><\/div><div class=\"recent-posts-content\"><span class=\"vcard\" style=\"display: none;\"><span class=\"fn\"><a href=\"https:\/\/avacum.com\/en\/autor\/admin\/\" title=\"Posts by admin\" rel=\"author\">admin<\/a><\/span><\/span><span class=\"updated\" style=\"display:none;\">2020-07-30T22:35:08+00:00<\/span><h4 class=\"entry-title\"><a href=\"https:\/\/avacum.com\/en\/2020\/curso-direccion-comercial-liderazgo-y-resultados\/\">Curso Direcci\u00f3n Comercial, liderazgo y resultados<\/a><\/h4><\/div><\/article><article class=\"post fusion-column column col col-lg-6 col-md-6 col-sm-6\"><div class=\"fusion-flexslider fusion-flexslider-loading flexslider floated-slideshow flexslider-hover-type-liftup\"><ul class=\"slides\"><li><a href=\"https:\/\/avacum.com\/en\/2020\/curso-de-planeacion\/\" aria-label=\"Curso ONLINE de planeaci\u00f3n estrat\u00e9gica y financiera para PYMES\" class=\"hover-type-liftup\"><img loading=\"lazy\" decoding=\"async\" width=\"200\" height=\"87\" src=\"https:\/\/avacum.com\/wp-content\/uploads\/2020\/06\/Cursos-de-planeaci\u00f3n-estrategica-y-financiera-online-200x87.jpg\" class=\"attachment-fusion-200 size-fusion-200\" alt=\"Cursos de planeaci\u00f3n estrat\u00e9gica y financiera online\" srcset=\"https:\/\/avacum.com\/wp-content\/uploads\/2020\/06\/Cursos-de-planeaci\u00f3n-estrategica-y-financiera-online-200x87.jpg 200w, https:\/\/avacum.com\/wp-content\/uploads\/2020\/06\/Cursos-de-planeaci\u00f3n-estrategica-y-financiera-online-300x131.jpg 300w, https:\/\/avacum.com\/wp-content\/uploads\/2020\/06\/Cursos-de-planeaci\u00f3n-estrategica-y-financiera-online-400x175.jpg 400w, https:\/\/avacum.com\/wp-content\/uploads\/2020\/06\/Cursos-de-planeaci\u00f3n-estrategica-y-financiera-online-500x218.jpg 500w, https:\/\/avacum.com\/wp-content\/uploads\/2020\/06\/Cursos-de-planeaci\u00f3n-estrategica-y-financiera-online-600x262.jpg 600w, https:\/\/avacum.com\/wp-content\/uploads\/2020\/06\/Cursos-de-planeaci\u00f3n-estrategica-y-financiera-online-700x305.jpg 700w, https:\/\/avacum.com\/wp-content\/uploads\/2020\/06\/Cursos-de-planeaci\u00f3n-estrategica-y-financiera-online.jpg 754w\" sizes=\"auto, (max-width: 200px) 100vw, 200px\" \/><\/a><\/li><\/ul><\/div><div class=\"recent-posts-content\"><span class=\"vcard\" style=\"display: none;\"><span class=\"fn\"><a href=\"https:\/\/avacum.com\/en\/autor\/admin\/\" title=\"Posts by admin\" rel=\"author\">admin<\/a><\/span><\/span><span class=\"updated\" style=\"display:none;\">2020-07-27T15:51:00+00:00<\/span><h4 class=\"entry-title\"><a href=\"https:\/\/avacum.com\/en\/2020\/curso-de-planeacion\/\">Curso ONLINE de planeaci\u00f3n estrat\u00e9gica y financiera para PYMES<\/a><\/h4><\/div><\/article><\/section><\/div><div class=\"fusion-clearfix\"><\/div><\/div><\/div><\/div><\/div><style type=\"text\/css\">.fusion-fullwidth.fusion-builder-row-1 a:not(.fusion-button):not(.fusion-builder-module-control):not(.fusion-social-network-icon):not(.fb-icon-element):not(.fusion-countdown-link):not(.fusion-rollover-link):not(.fusion-rollover-gallery):not(.fusion-button-bar):not(.add_to_cart_button):not(.show_details_button):not(.product_type_external):not(.fusion-quick-view):not(.fusion-rollover-title-link):not(.fusion-breadcrumb-link) , .fusion-fullwidth.fusion-builder-row-1 a:not(.fusion-button):not(.fusion-builder-module-control):not(.fusion-social-network-icon):not(.fb-icon-element):not(.fusion-countdown-link):not(.fusion-rollover-link):not(.fusion-rollover-gallery):not(.fusion-button-bar):not(.add_to_cart_button):not(.show_details_button):not(.product_type_external):not(.fusion-quick-view):not(.fusion-rollover-title-link):not(.fusion-breadcrumb-link):before, .fusion-fullwidth.fusion-builder-row-1 a:not(.fusion-button):not(.fusion-builder-module-control):not(.fusion-social-network-icon):not(.fb-icon-element):not(.fusion-countdown-link):not(.fusion-rollover-link):not(.fusion-rollover-gallery):not(.fusion-button-bar):not(.add_to_cart_button):not(.show_details_button):not(.product_type_external):not(.fusion-quick-view):not(.fusion-rollover-title-link):not(.fusion-breadcrumb-link):after {color: #212934;}.fusion-fullwidth.fusion-builder-row-1 a:not(.fusion-button):not(.fusion-builder-module-control):not(.fusion-social-network-icon):not(.fb-icon-element):not(.fusion-countdown-link):not(.fusion-rollover-link):not(.fusion-rollover-gallery):not(.fusion-button-bar):not(.add_to_cart_button):not(.show_details_button):not(.product_type_external):not(.fusion-quick-view):not(.fusion-rollover-title-link):not(.fusion-breadcrumb-link):hover, .fusion-fullwidth.fusion-builder-row-1 a:not(.fusion-button):not(.fusion-builder-module-control):not(.fusion-social-network-icon):not(.fb-icon-element):not(.fusion-countdown-link):not(.fusion-rollover-link):not(.fusion-rollover-gallery):not(.fusion-button-bar):not(.add_to_cart_button):not(.show_details_button):not(.product_type_external):not(.fusion-quick-view):not(.fusion-rollover-title-link):not(.fusion-breadcrumb-link):hover:before, .fusion-fullwidth.fusion-builder-row-1 a:not(.fusion-button):not(.fusion-builder-module-control):not(.fusion-social-network-icon):not(.fb-icon-element):not(.fusion-countdown-link):not(.fusion-rollover-link):not(.fusion-rollover-gallery):not(.fusion-button-bar):not(.add_to_cart_button):not(.show_details_button):not(.product_type_external):not(.fusion-quick-view):not(.fusion-rollover-title-link):not(.fusion-breadcrumb-link):hover:after {color: #ff7700;}.fusion-fullwidth.fusion-builder-row-1 .pagination a.inactive:hover, .fusion-fullwidth.fusion-builder-row-1 .fusion-filters .fusion-filter.fusion-active a {border-color: #ff7700;}.fusion-fullwidth.fusion-builder-row-1 .pagination .current {border-color: #ff7700; background-color: #ff7700;}.fusion-fullwidth.fusion-builder-row-1 .fusion-filters .fusion-filter.fusion-active a, .fusion-fullwidth.fusion-builder-row-1 .fusion-date-and-formats .fusion-format-box, .fusion-fullwidth.fusion-builder-row-1 .fusion-popover, .fusion-fullwidth.fusion-builder-row-1 .tooltip-shortcode {color: #ff7700;}#main .fusion-fullwidth.fusion-builder-row-1 .post .blog-shortcode-post-title a:hover {color: #ff7700;}<\/style>","protected":false},"excerpt":{"rendered":"","protected":false},"author":1,"featured_media":0,"parent":0,"menu_order":0,"comment_status":"closed","ping_status":"closed","template":"","meta":{"_joinchat":[],"footnotes":""},"class_list":["post-22053","page","type-page","status-publish","hentry"],"_links":{"self":[{"href":"https:\/\/avacum.com\/en\/wp-json\/wp\/v2\/pages\/22053","targetHints":{"allow":["GET"]}}],"collection":[{"href":"https:\/\/avacum.com\/en\/wp-json\/wp\/v2\/pages"}],"about":[{"href":"https:\/\/avacum.com\/en\/wp-json\/wp\/v2\/types\/page"}],"author":[{"embeddable":true,"href":"https:\/\/avacum.com\/en\/wp-json\/wp\/v2\/users\/1"}],"replies":[{"embeddable":true,"href":"https:\/\/avacum.com\/en\/wp-json\/wp\/v2\/comments?post=22053"}],"version-history":[{"count":0,"href":"https:\/\/avacum.com\/en\/wp-json\/wp\/v2\/pages\/22053\/revisions"}],"wp:attachment":[{"href":"https:\/\/avacum.com\/en\/wp-json\/wp\/v2\/media?parent=22053"}],"curies":[{"name":"wp","href":"https:\/\/api.w.org\/{rel}","templated":true}]}}